{"id":613,"date":"2011-11-24T22:16:58","date_gmt":"2011-11-24T22:16:58","guid":{"rendered":"http:\/\/hausaerzte-flensburg.de\/wordpress\/?page_id=613"},"modified":"2015-11-19T09:40:39","modified_gmt":"2015-11-19T08:40:39","slug":"palliativmedizin","status":"publish","type":"page","link":"https:\/\/www.hausaerzte-flensburg.de\/wordpress\/?page_id=613","title":{"rendered":"Palliativmedizin"},"content":{"rendered":"<p>Als ich 2008 mit der Weiterbildung zum Palliativmediziner begonnen habe, hatte ich zun\u00e4chst die Vorstellung schwerkranken Patienten oder Sterbenden noch besser helfen zu k\u00f6nnen, als ich es als Haus\u00e4rztin sowieso schon tat.<\/p>\n<p>Inzwischen ist mir die Palliativmedizin zu einer echten Herzensangelegenheit geworden.<\/p>\n<p>Die Palliativmedizin k\u00fcmmert sich um Menschen in ihrer letzten Lebensphase. Wir versuchen die k\u00f6rperlichen, psychosozialen und seelischen Beschwerden zu behandeln und zu lindern.<\/p>\n<p>Wichtig ist es auch die gesamte Familie miteinzubeziehen, da diese mit der Situation am Lebensende oft \u00fcberfordert ist.<\/p>\n<p>Schon seit 1992 existiert jetzt als feste Institution das <span style=\"color: #000080;\"><a href=\"http:\/\/www.katharinen-hospiz.de\/\" target=\"_blank\"><span style=\"color: #000080;\">Katharinen-Hospiz in Flensburg<\/span><\/a><\/span> , in dem Palliativpatienten station\u00e4r behandelt werden k\u00f6nnen.<\/p>\n<p>Im Jahre 2007 ist durch die Einf\u00fchrung der gesetzlichen Regelung zur Spezialisierten Ambulanten Palliativversorgung (SAPV) die ambulante Versorgung schwerstkranker und Sterbender entscheidend verbessert worden. Jeder Patient hat bei Bedarf einen Anspruch auf diese spezielle Versorgung.<\/p>\n<p>Das bedeutet, dass schwerkranke Patienten zu Hause im Kreise ihrer Familie versorgt und auch in W\u00fcrde sterben k\u00f6nnen. Zu diesem Zweck haben sich sogenannte Palliativ-Care-Netzwerke in Schleswig-Holstein gebildet , bestehend aus speziell ausgebildeten \u00c4rzten, Pflegern und anderen Therapeuten (auch Apotheken und Sanit\u00e4tsh\u00e4user). In Flensburg \u00fcbernimmt das Hospiz am Park die Koordination.<\/p>\n<p>Gerade bei Patienten mit einer begrenzten Lebenserwartung , kann es irgendwann zu ausgepr\u00e4gten Symptomen ( wie Schmerzen oder Luftnot ) kommen, die eine spezielle Versorgung notwendig machen. Wird der Wunsch ge\u00e4u\u00dfert, zu Hause bleiben zu wollen, kann diesem in den meisten F\u00e4llen auch entsprochen werden.<\/p>\n<p>Sollten Sie oder ihr Angeh\u00f6riger also in eine solche Situation geraten,kann sich Ihr Hausarzt mit dem Hospiz oder mir in Verbindung setzten. Mit einer speziellen SAPV-Verordnung ,kann dann eine besondere Pflege bei der Krankenkasse beantragt werden, ohne dass f\u00fcr Sie irgendwelche Kosten entstehen.<\/p>\n<p>Wird die SAPV genehmigt, kann die Pflege durch das Palliativ-Care-Team beginnen.<\/p>\n<p>Speziell geschulte Palliativ-Schwestern kommen und arbeiten eng mit dem Pflegedienst vor Ort; der Palliativarzt kommt je nach Bedarf zum Hausbesuch. Das Alles gew\u00e4hrleistet eine Versorgung rund um die Uhr. Denn Dank des Netzwerkes sind Palliativ-Care-Schwestern und Palliativarzt 24 Sunden erreichbar.<\/p>\n<p>Hausbesuche werden individuell gestaltet, wir nehmen uns Zeit, h\u00f6ren zu, sind aber auch in der Lage schnelle medizinische Entscheidungen zu treffen, wenn es notwendig ist.<\/p>\n<p>Das Sterben k\u00f6nnen wir nicht verhindern, aber durch diese Arbeit k\u00f6nnen wir schwerkranken Menschen erm\u00f6glichen in W\u00fcrde zu Hause zu sterben.<\/p>\n","protected":false},"excerpt":{"rendered":"<p>Als ich 2008 mit der Weiterbildung zum Palliativmediziner begonnen habe, hatte ich zun\u00e4chst die Vorstellung schwerkranken Patienten oder Sterbenden noch besser helfen zu k\u00f6nnen, als ich es als Haus\u00e4rztin sowieso schon tat. Inzwischen ist mir die Palliativmedizin zu einer echten Herzensangelegenheit geworden. Die Palliativmedizin k\u00fcmmert sich um Menschen in ihrer letzten Lebensphase. Wir versuchen die [&hellip;]<\/p>\n","protected":false},"author":1,"featured_media":0,"parent":38,"menu_order":0,"comment_status":"closed","ping_status":"closed","template":"","meta":{"footnotes":""},"class_list":["post-613","page","type-page","status-publish","hentry"],"_links":{"self":[{"href":"https:\/\/www.hausaerzte-flensburg.de\/wordpress\/index.php?rest_route=\/wp\/v2\/pages\/613","targetHints":{"allow":["GET"]}}],"collection":[{"href":"https:\/\/www.hausaerzte-flensburg.de\/wordpress\/index.php?rest_route=\/wp\/v2\/pages"}],"about":[{"href":"https:\/\/www.hausaerzte-flensburg.de\/wordpress\/index.php?rest_route=\/wp\/v2\/types\/page"}],"author":[{"embeddable":true,"href":"https:\/\/www.hausaerzte-flensburg.de\/wordpress\/index.php?rest_route=\/wp\/v2\/users\/1"}],"replies":[{"embeddable":true,"href":"https:\/\/www.hausaerzte-flensburg.de\/wordpress\/index.php?rest_route=%2Fwp%2Fv2%2Fcomments&post=613"}],"version-history":[{"count":10,"href":"https:\/\/www.hausaerzte-flensburg.de\/wordpress\/index.php?rest_route=\/wp\/v2\/pages\/613\/revisions"}],"predecessor-version":[{"id":1392,"href":"https:\/\/www.hausaerzte-flensburg.de\/wordpress\/index.php?rest_route=\/wp\/v2\/pages\/613\/revisions\/1392"}],"up":[{"embeddable":true,"href":"https:\/\/www.hausaerzte-flensburg.de\/wordpress\/index.php?rest_route=\/wp\/v2\/pages\/38"}],"wp:attachment":[{"href":"https:\/\/www.hausaerzte-flensburg.de\/wordpress\/index.php?rest_route=%2Fwp%2Fv2%2Fmedia&parent=613"}],"curies":[{"name":"wp","href":"https:\/\/api.w.org\/{rel}","templated":true}]}}