{"id":38,"date":"2011-11-04T14:55:32","date_gmt":"2011-11-04T14:55:32","guid":{"rendered":"http:\/\/hausaerzte-flensburg.de\/wordpress\/?page_id=38"},"modified":"2025-01-07T11:52:14","modified_gmt":"2025-01-07T10:52:14","slug":"bettina-eichmeier-harksen","status":"publish","type":"page","link":"https:\/\/www.hausaerzte-flensburg.de\/wordpress\/?page_id=38","title":{"rendered":"Bettina Eichmeier-Harksen"},"content":{"rendered":"<p><a href=\"https:\/\/www.hausaerzte-flensburg.de\/wordpress\/wp-content\/uploads\/2025\/01\/eh0624klein2.jpeg\"><img loading=\"lazy\" decoding=\"async\" class=\"aligncenter size-medium wp-image-3005\" src=\"https:\/\/www.hausaerzte-flensburg.de\/wordpress\/wp-content\/uploads\/2025\/01\/eh0624klein2-300x300.jpeg\" alt=\"\" width=\"300\" height=\"300\" srcset=\"https:\/\/www.hausaerzte-flensburg.de\/wordpress\/wp-content\/uploads\/2025\/01\/eh0624klein2-300x300.jpeg 300w, https:\/\/www.hausaerzte-flensburg.de\/wordpress\/wp-content\/uploads\/2025\/01\/eh0624klein2-150x150.jpeg 150w, https:\/\/www.hausaerzte-flensburg.de\/wordpress\/wp-content\/uploads\/2025\/01\/eh0624klein2.jpeg 580w\" sizes=\"auto, (max-width: 300px) 100vw, 300px\" \/><\/a><\/p>\n<p>Fach\u00e4rztin f\u00fcr Allgemeinmedizin<\/p>\n<p><strong>Zusatzbezeichnungen:<\/strong><br \/>\nPalliativmedizin<br \/>\nErn\u00e4hrungsmedizin<br \/>\nPsychosomatische Grundversorgung<\/p>\n","protected":false},"excerpt":{"rendered":"<p>Fach\u00e4rztin f\u00fcr Allgemeinmedizin Zusatzbezeichnungen: Palliativmedizin Ern\u00e4hrungsmedizin Psychosomatische Grundversorgung<\/p>\n","protected":false},"author":1,"featured_media":0,"parent":1470,"menu_order":0,"comment_status":"closed","ping_status":"closed","template":"","meta":{"footnotes":""},"class_list":["post-38","page","type-page","status-publish","hentry"],"_links":{"self":[{"href":"https:\/\/www.hausaerzte-flensburg.de\/wordpress\/index.php?rest_route=\/wp\/v2\/pages\/38","targetHints":{"allow":["GET"]}}],"collection":[{"href":"https:\/\/www.hausaerzte-flensburg.de\/wordpress\/index.php?rest_route=\/wp\/v2\/pages"}],"about":[{"href":"https:\/\/www.hausaerzte-flensburg.de\/wordpress\/index.php?rest_route=\/wp\/v2\/types\/page"}],"author":[{"embeddable":true,"href":"https:\/\/www.hausaerzte-flensburg.de\/wordpress\/index.php?rest_route=\/wp\/v2\/users\/1"}],"replies":[{"embeddable":true,"href":"https:\/\/www.hausaerzte-flensburg.de\/wordpress\/index.php?rest_route=%2Fwp%2Fv2%2Fcomments&post=38"}],"version-history":[{"count":41,"href":"https:\/\/www.hausaerzte-flensburg.de\/wordpress\/index.php?rest_route=\/wp\/v2\/pages\/38\/revisions"}],"predecessor-version":[{"id":3006,"href":"https:\/\/www.hausaerzte-flensburg.de\/wordpress\/index.php?rest_route=\/wp\/v2\/pages\/38\/revisions\/3006"}],"up":[{"embeddable":true,"href":"https:\/\/www.hausaerzte-flensburg.de\/wordpress\/index.php?rest_route=\/wp\/v2\/pages\/1470"}],"wp:attachment":[{"href":"https:\/\/www.hausaerzte-flensburg.de\/wordpress\/index.php?rest_route=%2Fwp%2Fv2%2Fmedia&parent=38"}],"curies":[{"name":"wp","href":"https:\/\/api.w.org\/{rel}","templated":true}]}}