{"id":210,"date":"2011-11-05T17:52:22","date_gmt":"2011-11-05T17:52:22","guid":{"rendered":"http:\/\/hausaerzte-flensburg.de\/wordpress\/?page_id=210"},"modified":"2020-04-02T14:10:45","modified_gmt":"2020-04-02T12:10:45","slug":"notdienst","status":"publish","type":"page","link":"https:\/\/www.hausaerzte-flensburg.de\/wordpress\/?page_id=210","title":{"rendered":"Notdienst"},"content":{"rendered":"<p>Au\u00dferhalb unserer Sprechzeiten w\u00e4hlen Sie bitte die Nummer des kassen\u00e4rztlichen Notdienstes:<br \/>\n<a href=\"tel:+49116117\"><span style=\"color: #000080;\"><strong><span style=\"color: #0000ff;\">Telefon: 116117<\/span><\/strong><\/span><\/a><\/p>\n<p>Im akuten, lebensbedrohlichen Notfall rufen Sie den Rettungsdienst unter:<br \/>\n<a href=\"tel:112\"><span style=\"color: #000080;\"><strong><span style=\"color: #0000ff;\">Telefon 112<\/span><\/strong><\/span><\/a><\/p>\n<p>Polizei:<br \/>\n<a href=\"tel:110\"><span style=\"color: #0000ff;\"><strong>Telefon 110<\/strong><\/span><\/a><\/p>\n","protected":false},"excerpt":{"rendered":"<p>Au\u00dferhalb unserer Sprechzeiten w\u00e4hlen Sie bitte die Nummer des kassen\u00e4rztlichen Notdienstes: Telefon: 116117 Im akuten, lebensbedrohlichen Notfall rufen Sie den Rettungsdienst unter: Telefon 112 Polizei: Telefon 110<\/p>\n","protected":false},"author":1,"featured_media":0,"parent":61,"menu_order":0,"comment_status":"closed","ping_status":"closed","template":"","meta":{"footnotes":""},"class_list":["post-210","page","type-page","status-publish","hentry"],"_links":{"self":[{"href":"https:\/\/www.hausaerzte-flensburg.de\/wordpress\/index.php?rest_route=\/wp\/v2\/pages\/210","targetHints":{"allow":["GET"]}}],"collection":[{"href":"https:\/\/www.hausaerzte-flensburg.de\/wordpress\/index.php?rest_route=\/wp\/v2\/pages"}],"about":[{"href":"https:\/\/www.hausaerzte-flensburg.de\/wordpress\/index.php?rest_route=\/wp\/v2\/types\/page"}],"author":[{"embeddable":true,"href":"https:\/\/www.hausaerzte-flensburg.de\/wordpress\/index.php?rest_route=\/wp\/v2\/users\/1"}],"replies":[{"embeddable":true,"href":"https:\/\/www.hausaerzte-flensburg.de\/wordpress\/index.php?rest_route=%2Fwp%2Fv2%2Fcomments&post=210"}],"version-history":[{"count":16,"href":"https:\/\/www.hausaerzte-flensburg.de\/wordpress\/index.php?rest_route=\/wp\/v2\/pages\/210\/revisions"}],"predecessor-version":[{"id":2195,"href":"https:\/\/www.hausaerzte-flensburg.de\/wordpress\/index.php?rest_route=\/wp\/v2\/pages\/210\/revisions\/2195"}],"up":[{"embeddable":true,"href":"https:\/\/www.hausaerzte-flensburg.de\/wordpress\/index.php?rest_route=\/wp\/v2\/pages\/61"}],"wp:attachment":[{"href":"https:\/\/www.hausaerzte-flensburg.de\/wordpress\/index.php?rest_route=%2Fwp%2Fv2%2Fmedia&parent=210"}],"curies":[{"name":"wp","href":"https:\/\/api.w.org\/{rel}","templated":true}]}}