{"id":168,"date":"2011-11-05T16:19:02","date_gmt":"2011-11-05T16:19:02","guid":{"rendered":"http:\/\/hausaerzte-flensburg.de\/wordpress\/?page_id=168"},"modified":"2020-04-02T14:12:08","modified_gmt":"2020-04-02T12:12:08","slug":"palliativmedizin","status":"publish","type":"page","link":"https:\/\/www.hausaerzte-flensburg.de\/wordpress\/?page_id=168","title":{"rendered":"Palliativmedizin"},"content":{"rendered":"<p>Frau Eichmeier-Harksen ist ausgebildete Palliativmedizinerin.<br \/>\nBei schweren Erkrankungen wie z.B. Krebserkrankungen kommt es immer wieder zu starken Schmerzen oder Luftnot. Durch eine spezielle, ambulante Betreuung durch Frau Eichmeier-Harksen mit Hausbesuchen und Erreichbarkeit auch ausserhalb der Sprechstunden ist es oft m\u00f6glich, in den letzten Tagen und Wochen zu Hause leben zu k\u00f6nnen, ohne Angst vor Schmerzen oder Luftnot haben zu m\u00fcssen.<\/p>\n<p><span style=\"color: #000080;\"><a title=\"Palliativmedizin\" href=\"https:\/\/hausaerzte-flensburg.de\/wordpress\/?page_id=613\"><span style=\"color: #000080;\"><span style=\"color: #0000ff;\">weiterlesen &#8230;<\/span><\/span><\/a><\/span><\/p>\n<p>Sprechen Sie uns gerne an.<\/p>\n","protected":false},"excerpt":{"rendered":"<p>Frau Eichmeier-Harksen ist ausgebildete Palliativmedizinerin. Bei schweren Erkrankungen wie z.B. Krebserkrankungen kommt es immer wieder zu starken Schmerzen oder Luftnot. Durch eine spezielle, ambulante Betreuung durch Frau Eichmeier-Harksen mit Hausbesuchen und Erreichbarkeit auch ausserhalb der Sprechstunden ist es oft m\u00f6glich, in den letzten Tagen und Wochen zu Hause leben zu k\u00f6nnen, ohne Angst vor Schmerzen [&hellip;]<\/p>\n","protected":false},"author":1,"featured_media":0,"parent":26,"menu_order":0,"comment_status":"closed","ping_status":"closed","template":"","meta":{"footnotes":""},"class_list":["post-168","page","type-page","status-publish","hentry"],"_links":{"self":[{"href":"https:\/\/www.hausaerzte-flensburg.de\/wordpress\/index.php?rest_route=\/wp\/v2\/pages\/168","targetHints":{"allow":["GET"]}}],"collection":[{"href":"https:\/\/www.hausaerzte-flensburg.de\/wordpress\/index.php?rest_route=\/wp\/v2\/pages"}],"about":[{"href":"https:\/\/www.hausaerzte-flensburg.de\/wordpress\/index.php?rest_route=\/wp\/v2\/types\/page"}],"author":[{"embeddable":true,"href":"https:\/\/www.hausaerzte-flensburg.de\/wordpress\/index.php?rest_route=\/wp\/v2\/users\/1"}],"replies":[{"embeddable":true,"href":"https:\/\/www.hausaerzte-flensburg.de\/wordpress\/index.php?rest_route=%2Fwp%2Fv2%2Fcomments&post=168"}],"version-history":[{"count":8,"href":"https:\/\/www.hausaerzte-flensburg.de\/wordpress\/index.php?rest_route=\/wp\/v2\/pages\/168\/revisions"}],"predecessor-version":[{"id":2197,"href":"https:\/\/www.hausaerzte-flensburg.de\/wordpress\/index.php?rest_route=\/wp\/v2\/pages\/168\/revisions\/2197"}],"up":[{"embeddable":true,"href":"https:\/\/www.hausaerzte-flensburg.de\/wordpress\/index.php?rest_route=\/wp\/v2\/pages\/26"}],"wp:attachment":[{"href":"https:\/\/www.hausaerzte-flensburg.de\/wordpress\/index.php?rest_route=%2Fwp%2Fv2%2Fmedia&parent=168"}],"curies":[{"name":"wp","href":"https:\/\/api.w.org\/{rel}","templated":true}]}}