{"id":1650,"date":"2017-09-24T19:19:23","date_gmt":"2017-09-24T17:19:23","guid":{"rendered":"http:\/\/hausaerzte-flensburg.de\/wordpress\/?page_id=1650"},"modified":"2025-09-04T13:57:06","modified_gmt":"2025-09-04T11:57:06","slug":"online-dienste","status":"publish","type":"page","link":"https:\/\/www.hausaerzte-flensburg.de\/wordpress\/?page_id=1650","title":{"rendered":"Online Dienste"},"content":{"rendered":"<h5 style=\"text-align: center;\">Information zu unseren Online Diensten<\/h5>\n<p><a href=\"http:\/\/doctolib.de\"><strong><span style=\"color: #0000ff;\">Termine<\/span><\/strong><\/a> bei Ihrer \u00c4rztin oder Ihrem Arzt k\u00f6nnen Sie bequem<a href=\"http:\/\/doctolib.de\"><strong><span style=\"color: #0000ff;\"> Online<\/span> <span style=\"color: #0000ff;\">buchen<\/span><\/strong><\/a>, bei Bedarf selber verschieben oder auch stornieren.<\/p>\n<p><a href=\"http:\/\/doctolib.de\"><strong><span style=\"color: #0000ff;\">Rezepte, \u00dcberweisungen oder Befunde<\/span> <\/strong><\/a>k\u00f6nnen Sie ebenfalls Online bestellen.<\/p>\n<p>Herr Hansen bietet eine <a href=\"https:\/\/www.hausaerzte-flensburg.de\/wordpress\/?page_id=3087\"><strong><span style=\"color: #0000ff;\">Videosprechstunde<\/span><\/strong><\/a> an. Einen Termin buchen Sie unkompliziert kurzfristig Online.<\/p>\n<h5>Das ganze funktioniert \u00fcber die <strong><a href=\"http:\/\/doctolib.de\"><span style=\"color: #0000ff;\">Doctolib App<\/span><\/a><\/strong>.<br \/>\nNutzen Sie daf\u00fcr gerne den blauen Button der \u00fcber der Homepage schwebt.<\/h5>\n","protected":false},"excerpt":{"rendered":"<p>Information zu unseren Online Diensten Termine bei Ihrer \u00c4rztin oder Ihrem Arzt k\u00f6nnen Sie bequem Online buchen, bei Bedarf selber verschieben oder auch stornieren. Rezepte, \u00dcberweisungen oder Befunde k\u00f6nnen Sie ebenfalls Online bestellen. Herr Hansen bietet eine Videosprechstunde an. Einen Termin buchen Sie unkompliziert kurzfristig Online. Das ganze funktioniert \u00fcber die Doctolib App. Nutzen Sie [&hellip;]<\/p>\n","protected":false},"author":1,"featured_media":0,"parent":0,"menu_order":0,"comment_status":"closed","ping_status":"closed","template":"","meta":{"footnotes":""},"class_list":["post-1650","page","type-page","status-publish","hentry"],"_links":{"self":[{"href":"https:\/\/www.hausaerzte-flensburg.de\/wordpress\/index.php?rest_route=\/wp\/v2\/pages\/1650","targetHints":{"allow":["GET"]}}],"collection":[{"href":"https:\/\/www.hausaerzte-flensburg.de\/wordpress\/index.php?rest_route=\/wp\/v2\/pages"}],"about":[{"href":"https:\/\/www.hausaerzte-flensburg.de\/wordpress\/index.php?rest_route=\/wp\/v2\/types\/page"}],"author":[{"embeddable":true,"href":"https:\/\/www.hausaerzte-flensburg.de\/wordpress\/index.php?rest_route=\/wp\/v2\/users\/1"}],"replies":[{"embeddable":true,"href":"https:\/\/www.hausaerzte-flensburg.de\/wordpress\/index.php?rest_route=%2Fwp%2Fv2%2Fcomments&post=1650"}],"version-history":[{"count":54,"href":"https:\/\/www.hausaerzte-flensburg.de\/wordpress\/index.php?rest_route=\/wp\/v2\/pages\/1650\/revisions"}],"predecessor-version":[{"id":3138,"href":"https:\/\/www.hausaerzte-flensburg.de\/wordpress\/index.php?rest_route=\/wp\/v2\/pages\/1650\/revisions\/3138"}],"wp:attachment":[{"href":"https:\/\/www.hausaerzte-flensburg.de\/wordpress\/index.php?rest_route=%2Fwp%2Fv2%2Fmedia&parent=1650"}],"curies":[{"name":"wp","href":"https:\/\/api.w.org\/{rel}","templated":true}]}}