{"id":1470,"date":"2017-01-21T16:10:12","date_gmt":"2017-01-21T15:10:12","guid":{"rendered":"http:\/\/hausaerzte-flensburg.de\/wordpress\/?page_id=1470"},"modified":"2025-11-01T10:36:26","modified_gmt":"2025-11-01T09:36:26","slug":"die-aerzte","status":"publish","type":"page","link":"https:\/\/www.hausaerzte-flensburg.de\/wordpress\/?page_id=1470","title":{"rendered":"Die \u00c4rzte"},"content":{"rendered":"<p>&nbsp;<\/p>\n<p><a href=\"https:\/\/www.hausaerzte-flensburg.de\/wordpress\/wp-content\/uploads\/2025\/01\/aerzte_0624gross2image5.jpeg\"><img loading=\"lazy\" decoding=\"async\" class=\"aligncenter size-large wp-image-2997\" src=\"https:\/\/www.hausaerzte-flensburg.de\/wordpress\/wp-content\/uploads\/2025\/01\/aerzte_0624gross2image5-1024x486.jpeg\" alt=\"\" width=\"580\" height=\"275\" srcset=\"https:\/\/www.hausaerzte-flensburg.de\/wordpress\/wp-content\/uploads\/2025\/01\/aerzte_0624gross2image5-1024x486.jpeg 1024w, https:\/\/www.hausaerzte-flensburg.de\/wordpress\/wp-content\/uploads\/2025\/01\/aerzte_0624gross2image5-300x142.jpeg 300w, https:\/\/www.hausaerzte-flensburg.de\/wordpress\/wp-content\/uploads\/2025\/01\/aerzte_0624gross2image5-768x364.jpeg 768w, https:\/\/www.hausaerzte-flensburg.de\/wordpress\/wp-content\/uploads\/2025\/01\/aerzte_0624gross2image5-1536x729.jpeg 1536w, https:\/\/www.hausaerzte-flensburg.de\/wordpress\/wp-content\/uploads\/2025\/01\/aerzte_0624gross2image5-1200x569.jpeg 1200w, https:\/\/www.hausaerzte-flensburg.de\/wordpress\/wp-content\/uploads\/2025\/01\/aerzte_0624gross2image5.jpeg 1768w\" sizes=\"auto, (max-width: 580px) 100vw, 580px\" \/><\/a><\/p>\n<p><span style=\"color: #0000ff;\"><a style=\"color: #0000ff;\" href=\"https:\/\/www.hausaerzte-flensburg.de\/wordpress\/?page_id=38\">Bettina Eichmeier-Harksen<\/a><\/span> ist Fach\u00e4rztin f\u00fcr Allgemeinmedizin<\/p>\n<p><span style=\"color: #0000ff;\"><a style=\"color: #0000ff;\" href=\"https:\/\/www.hausaerzte-flensburg.de\/wordpress\/?page_id=33\">Stefan Hansen<\/a><\/span> ist Facharzt f\u00fcr Innere Medizin und Facharzt f\u00fcr An\u00e4sthesie<\/p>\n<p><a href=\"https:\/\/www.hausaerzte-flensburg.de\/wordpress\/?page_id=1451\"><span style=\"color: #0000ff;\">Dr. med. Maren Kirchd\u00f6rfer<\/span><\/a> ist Fach\u00e4rztin f\u00fcr Allgemeinmedizin.<\/p>\n<p><a href=\"https:\/\/www.hausaerzte-flensburg.de\/wordpress\/?page_id=1537\"><span style=\"color: #0000ff;\">Tina Schmiedel<\/span><\/a> ist Fach\u00e4rztin f\u00fcr Allgemeinmedizin.<\/p>\n<p><a href=\"https:\/\/www.hausaerzte-flensburg.de\/wordpress\/?page_id=3146\"><span style=\"color: #0000ff;\">Dr. med. Heinke Jacobsen<\/span><\/a> ist Fach\u00e4rztin f\u00fcr Allgemeinmedizin<\/p>\n","protected":false},"excerpt":{"rendered":"<p>&nbsp; Bettina Eichmeier-Harksen ist Fach\u00e4rztin f\u00fcr Allgemeinmedizin Stefan Hansen ist Facharzt f\u00fcr Innere Medizin und Facharzt f\u00fcr An\u00e4sthesie Dr. med. Maren Kirchd\u00f6rfer ist Fach\u00e4rztin f\u00fcr Allgemeinmedizin. Tina Schmiedel ist Fach\u00e4rztin f\u00fcr Allgemeinmedizin. Dr. med. Heinke Jacobsen ist Fach\u00e4rztin f\u00fcr Allgemeinmedizin<\/p>\n","protected":false},"author":1,"featured_media":0,"parent":363,"menu_order":0,"comment_status":"closed","ping_status":"closed","template":"","meta":{"footnotes":""},"class_list":["post-1470","page","type-page","status-publish","hentry"],"_links":{"self":[{"href":"https:\/\/www.hausaerzte-flensburg.de\/wordpress\/index.php?rest_route=\/wp\/v2\/pages\/1470","targetHints":{"allow":["GET"]}}],"collection":[{"href":"https:\/\/www.hausaerzte-flensburg.de\/wordpress\/index.php?rest_route=\/wp\/v2\/pages"}],"about":[{"href":"https:\/\/www.hausaerzte-flensburg.de\/wordpress\/index.php?rest_route=\/wp\/v2\/types\/page"}],"author":[{"embeddable":true,"href":"https:\/\/www.hausaerzte-flensburg.de\/wordpress\/index.php?rest_route=\/wp\/v2\/users\/1"}],"replies":[{"embeddable":true,"href":"https:\/\/www.hausaerzte-flensburg.de\/wordpress\/index.php?rest_route=%2Fwp%2Fv2%2Fcomments&post=1470"}],"version-history":[{"count":18,"href":"https:\/\/www.hausaerzte-flensburg.de\/wordpress\/index.php?rest_route=\/wp\/v2\/pages\/1470\/revisions"}],"predecessor-version":[{"id":3175,"href":"https:\/\/www.hausaerzte-flensburg.de\/wordpress\/index.php?rest_route=\/wp\/v2\/pages\/1470\/revisions\/3175"}],"up":[{"embeddable":true,"href":"https:\/\/www.hausaerzte-flensburg.de\/wordpress\/index.php?rest_route=\/wp\/v2\/pages\/363"}],"wp:attachment":[{"href":"https:\/\/www.hausaerzte-flensburg.de\/wordpress\/index.php?rest_route=%2Fwp%2Fv2%2Fmedia&parent=1470"}],"curies":[{"name":"wp","href":"https:\/\/api.w.org\/{rel}","templated":true}]}}