{"id":139,"date":"2011-11-05T15:43:34","date_gmt":"2011-11-05T15:43:34","guid":{"rendered":"http:\/\/hausaerzte-flensburg.de\/wordpress\/?page_id=139"},"modified":"2025-01-08T07:25:21","modified_gmt":"2025-01-08T06:25:21","slug":"rechtliches","status":"publish","type":"page","link":"https:\/\/www.hausaerzte-flensburg.de\/wordpress\/?page_id=139","title":{"rendered":"Impressum"},"content":{"rendered":"<p><span style=\"color: #000000;\"><strong>Verantwortlich f\u00fcr den Inhalt dieser Seiten:<\/strong><\/span><\/p>\n<p>Stefan Hansen<br \/>\nFacharzt f\u00fcr Innere Medizin<br \/>\nBettina Eichmeier-Harksen<br \/>\nFach\u00e4rztin f\u00fcr Allgemeinmedizin<br \/>\nDr. med. Maren Kirchd\u00f6rfer<br \/>\nFach\u00e4rztin f\u00fcr Allgemeinmedizin<\/p>\n<p>Berufsbezeichnung: \u00c4rzte (verliehen in Deutschland)<\/p>\n<p>Engelsbyer Stra\u00dfe 53-57<br \/>\n24943 Flensburg<br \/>\nDeutschland<\/p>\n<p>Telefon: +49 (461) 8070580<br \/>\nTelefax: +49 (461) 80705832<\/p>\n<p><span style=\"color: #0000ff;\"><a style=\"color: #0000ff;\" title=\"Rechtliches\" href=\"https:\/\/hausaerzte-flensburg.de\/wordpress\/?page_id=149\">Rechtliche Hinweise<\/a><\/span>\u00a0 \u00a0 \u00a0 \u00a0 \u00a0 <a href=\"https:\/\/www.hausaerzte-flensburg.de\/wordpress\/?page_id=1765\"><span style=\"color: #0000ff;\">Datenschutzerkl\u00e4rung<\/span><\/a><\/p>\n<p>Zust\u00e4ndige Aufsichtsbeh\u00f6rde f\u00fcr den Datenschutz:<br \/>\nUnabh\u00e4ngiges Landeszentrum f\u00fcr Datenschutz Schleswig-Holstein<br \/>\nHolstenstra\u00dfe 98<br \/>\n24103 Kiel<br \/>\n<span style=\"color: #0000ff;\"><a style=\"color: #0000ff;\" href=\"https:\/\/www.datenschutzzentrum.de\"><span style=\"color: #0000ff;\">www.datenschutzzentrum.de<\/span><\/a><\/span>\u00a0<a href=\"https:\/\/hausaerzte-flensburg.de\/wordpress\/wp-content\/uploads\/2018\/03\/Symbol-Link.png\"><img loading=\"lazy\" decoding=\"async\" class=\"size-full wp-image-1766 alignnone\" src=\"https:\/\/hausaerzte-flensburg.de\/wordpress\/wp-content\/uploads\/2018\/03\/Symbol-Link.png\" alt=\"\" width=\"27\" height=\"26\" \/><\/a><\/p>\n<p>Zust\u00e4ndige \u00c4rztekammer:<br \/>\n\u00c4rztekammer Schleswig-Holstein<br \/>\n<span style=\"color: #0000ff;\"><a style=\"color: #0000ff;\" href=\"https:\/\/www.aeksh.de\" target=\"_blank\" rel=\"noopener noreferrer\">www.aeksh.de<\/a>\u00a0<\/span><a href=\"https:\/\/hausaerzte-flensburg.de\/wordpress\/wp-content\/uploads\/2018\/03\/Symbol-Link.png\"><img loading=\"lazy\" decoding=\"async\" class=\"size-full wp-image-1766 alignnone\" src=\"https:\/\/hausaerzte-flensburg.de\/wordpress\/wp-content\/uploads\/2018\/03\/Symbol-Link.png\" alt=\"\" width=\"27\" height=\"26\" \/><\/a><\/p>\n<p>Zust\u00e4ndige Kassen\u00e4rztliche Vereinigung:<br \/>\nKassen\u00e4rztliche Vereinigung Schleswig-Holstein<br \/>\n<span style=\"color: #0000ff;\"><a style=\"color: #0000ff;\" href=\"https:\/\/www.kvsh.de\" target=\"_blank\" rel=\"noopener noreferrer\"><span style=\"color: #0000ff;\">www.kvsh.de<\/span><\/a><\/span>\u00a0<a href=\"https:\/\/hausaerzte-flensburg.de\/wordpress\/wp-content\/uploads\/2018\/03\/Symbol-Link.png\"><img loading=\"lazy\" decoding=\"async\" class=\"size-full wp-image-1766 alignnone\" src=\"https:\/\/hausaerzte-flensburg.de\/wordpress\/wp-content\/uploads\/2018\/03\/Symbol-Link.png\" alt=\"\" width=\"27\" height=\"26\" \/><\/a><\/p>\n<p>Berufsrechtliche Regelungen:<br \/>\nDie Berufsordnung ist zu beziehen, beziehungsweise einzusehen bei der zust\u00e4ndigen \u00c4rztekammer:<br \/>\n<a href=\"https:\/\/www.aeksh.de\" target=\"_blank\" rel=\"noopener noreferrer\"><span style=\"color: #0000ff;\">www.aeksh.de<\/span><\/a>\u00a0<a href=\"https:\/\/hausaerzte-flensburg.de\/wordpress\/wp-content\/uploads\/2018\/03\/Symbol-Link.png\"><img loading=\"lazy\" decoding=\"async\" class=\"size-full wp-image-1766 alignnone\" src=\"https:\/\/hausaerzte-flensburg.de\/wordpress\/wp-content\/uploads\/2018\/03\/Symbol-Link.png\" alt=\"\" width=\"27\" height=\"26\" \/><\/a><\/p>\n<p>Redaktionell verantwortlich: Stefan Hansen<br \/>\nFotos: Stephan Clausen<br \/>\nAlle Rechte vorbehalten<\/p>\n","protected":false},"excerpt":{"rendered":"<p>Verantwortlich f\u00fcr den Inhalt dieser Seiten: Stefan Hansen Facharzt f\u00fcr Innere Medizin Bettina Eichmeier-Harksen Fach\u00e4rztin f\u00fcr Allgemeinmedizin Dr. med. Maren Kirchd\u00f6rfer Fach\u00e4rztin f\u00fcr Allgemeinmedizin Berufsbezeichnung: \u00c4rzte (verliehen in Deutschland) Engelsbyer Stra\u00dfe 53-57 24943 Flensburg Deutschland Telefon: +49 (461) 8070580 Telefax: +49 (461) 80705832 Rechtliche Hinweise\u00a0 \u00a0 \u00a0 \u00a0 \u00a0 Datenschutzerkl\u00e4rung Zust\u00e4ndige Aufsichtsbeh\u00f6rde f\u00fcr den Datenschutz: [&hellip;]<\/p>\n","protected":false},"author":1,"featured_media":0,"parent":0,"menu_order":0,"comment_status":"closed","ping_status":"closed","template":"","meta":{"footnotes":""},"class_list":["post-139","page","type-page","status-publish","hentry"],"_links":{"self":[{"href":"https:\/\/www.hausaerzte-flensburg.de\/wordpress\/index.php?rest_route=\/wp\/v2\/pages\/139","targetHints":{"allow":["GET"]}}],"collection":[{"href":"https:\/\/www.hausaerzte-flensburg.de\/wordpress\/index.php?rest_route=\/wp\/v2\/pages"}],"about":[{"href":"https:\/\/www.hausaerzte-flensburg.de\/wordpress\/index.php?rest_route=\/wp\/v2\/types\/page"}],"author":[{"embeddable":true,"href":"https:\/\/www.hausaerzte-flensburg.de\/wordpress\/index.php?rest_route=\/wp\/v2\/users\/1"}],"replies":[{"embeddable":true,"href":"https:\/\/www.hausaerzte-flensburg.de\/wordpress\/index.php?rest_route=%2Fwp%2Fv2%2Fcomments&post=139"}],"version-history":[{"count":39,"href":"https:\/\/www.hausaerzte-flensburg.de\/wordpress\/index.php?rest_route=\/wp\/v2\/pages\/139\/revisions"}],"predecessor-version":[{"id":3024,"href":"https:\/\/www.hausaerzte-flensburg.de\/wordpress\/index.php?rest_route=\/wp\/v2\/pages\/139\/revisions\/3024"}],"wp:attachment":[{"href":"https:\/\/www.hausaerzte-flensburg.de\/wordpress\/index.php?rest_route=%2Fwp%2Fv2%2Fmedia&parent=139"}],"curies":[{"name":"wp","href":"https:\/\/api.w.org\/{rel}","templated":true}]}}